{"id":11258,"date":"2020-11-11T16:17:01","date_gmt":"2020-11-11T15:17:01","guid":{"rendered":"http:\/\/omr.gbsweb.online\/?post_type=product&#038;p=11258"},"modified":"2022-03-15T12:33:14","modified_gmt":"2022-03-15T11:33:14","slug":"kit-tr52","status":"publish","type":"product","link":"https:\/\/www.moiaserrature.it\/en\/prodotto\/kit-tr52\/","title":{"rendered":"KIT\/TR52"},"content":{"rendered":"<div class=\"fusion-fullwidth fullwidth-box nonhundred-percent-fullwidth non-hundred-percent-height-scrolling\"  style='background-color: rgba(255,255,255,0);background-position: center center;background-repeat: no-repeat;padding-top:0px;padding-right:0px;padding-bottom:0px;padding-left:0px;'><div class=\"fusion-builder-row fusion-row \"><div  class=\"fusion-layout-column fusion_builder_column fusion_builder_column_1_1 fusion-builder-column-1 fusion-one-full fusion-column-first fusion-column-last 1_1\"  style='margin-top:0px;margin-bottom:0px;'>\n\t\t\t\t\t<div class=\"fusion-column-wrapper\" style=\"padding: 0px 0px 0px 0px;background-position:left top;background-repeat:no-repeat;-webkit-background-size:cover;-moz-background-size:cover;-o-background-size:cover;background-size:cover;\"   data-bg-url=\"\">\n\t\t\t\t\t\t<div class=\"fusion-text\"><p>Il <strong>kit di trasformazione<\/strong> permette la conversione di serrature doppia mappa o pompa in serrature con <strong>cilindro a profilo europeo<\/strong>. \u00c8 composto da 5 elementi in robusto acciaio nichelato di alta qualit\u00e0. Appartiene alla gamma di attrezzi indispensabili per la corretta installazione di serrature, al pari di trapani, avvitatori, smerigliatrici, fresatrici, frese o seghe a tazza.<br \/>\nQuesto set di dime si contraddistingue da altri modelli presenti sul mercato per numerosi vantaggi:<\/p>\n<ol>\n<li><strong>COMODO E FUNZIONALE<\/strong>: rispetto al modello con falso cilindro non \u00e8 necessario installare la nuova serratura per centrare il foro di carotaggio con la fresa a tazza (da legno, bimetallica, al Widia o diamantate). Ci\u00f2 permette di non rovinare le serrature e al tempo stesso impedisce l\u2019ingresso di trucioli e detriti che potrebbero rovinare il meccanismo. Niente pi\u00f9 danni!<\/li>\n<li><strong>EFFICIENTE<\/strong>: rispetto ai kit trasformazione tradizionali non \u00e8 necessario smontare preventivamente il pannello, risparmiando tempo prezioso.<\/li>\n<li><strong>INDISTRUTTIBILE<\/strong>: rispetto ai modelli dotati di punta pilota, normalmente in acciaio Hss, il kit di trasformazione MOIA \u00e8 composto da elementi indistruttibili che, quindi, non si possono rompere come pu\u00f2 accadere invece con i modelli con albero (punta pilota). Sul trapano \u00e8 sufficiente installare la sola fresa (non inclusa).<\/li>\n<li><strong>VERSATILE<\/strong>: rispetto ai modelli pi\u00f9 comuni presenti sul mercato, tale kit consente la conversione non solo tra doppia mappa e profilo europeo, ma anche con cilindri a pompa. Oltre a creare tramite carotaggio l\u2019alloggio della protezione cilindro, pu\u00f2 essere utilizzata anche per allargare il foro di passaggio dei cilindri, per allargare o rettificare i fori dei cilindri a pompa sia a chiave tradizionale (vecchio tipo) che punzonata.<\/li>\n<li><strong>ECONOMICO<\/strong>: la semplicit\u00e0 del prodotto, con accurata progettazione e lavorazione 100% Made in Italy, consente di usufruire di uno straordinario strumento ad un prezzo decisamente competitivo.<\/li>\n<\/ol>\n<p>Si tratta di una soluzione economica, ma <strong>estremamente efficace<\/strong>\u00a0per tutti coloro che eseguono, quotidianamente o sporadicamente, la conversione a cilindro europeo principalmente per porte blindate e portoncini d\u2019ingresso, ma anche per cancelli, basculanti per box auto e garage, porte da cantina, scuri in legno, serramenti metallici o porte interne per l\u2019installazione di serrature patent. Il kit, in abbinamento alla fresa a tazza (o tonda), \u00e8 indispensabile per eseguire un corretto taglio degli strati di legno e lamiera, sia esterni che interni, di una porta blindata.<\/p>\n<\/div><div class=\"fusion-title title fusion-title-1 sep-underline sep-solid fusion-title-size-one\" style=\"border-bottom-color:#e0dede;margin-top:0px;margin-bottom:31px;\"><h1 class=\"title-heading-left\" style=\"margin:0;\"><h3>Guarda il kit di conversione in azione: un lavoro pulito e impeccabile.<\/h3><\/h1><\/div><div class=\"fusion-video fusion-youtube fusion-alignleft\" style=\"max-width:600px;max-height:360px; width:100%\"><div class=\"video-shortcode\"><iframe loading=\"lazy\" title=\"YouTube video player\" src=\"https:\/\/www.youtube.com\/embed\/aCgP534kUZc?wmode=transparent&autoplay=0\" width=\"600\" height=\"360\" allowfullscreen allow=\"autoplay; fullscreen\"><\/iframe><\/div><\/div><div class=\"fusion-clearfix\"><\/div>\n\n\t\t\t\t\t<\/div>\n\t\t\t\t<\/div><\/div><\/div>\n","protected":false},"excerpt":{"rendered":"<div class=\"table-1\">\n<table width=\"100%\">\n<thead>\n<tr>\n<th align=\"left\">\u00d8 foro<\/th>\n<th align=\"left\">Codice<\/th>\n<th align=\"left\">Note<\/th>\n<\/tr>\n<tr>\n<td align=\"left\">42 mm<\/td>\n<td align=\"left\">KIT\/TR4246<\/td>\n<td align=\"left\"><\/td>\n<\/tr>\n<\/thead>\n<tbody>\n<tr>\n<td align=\"left\">46 mm<\/td>\n<td align=\"left\">KIT\/TR4246<\/td>\n<td align=\"left\"><\/td>\n<\/tr>\n<tr>\n<td align=\"left\">52 mm<\/td>\n<td align=\"left\">KIT\/TR52<\/td>\n<td align=\"left\"><\/td>\n<\/tr>\n<tr>\n<td align=\"left\">54 mm<\/td>\n<td align=\"left\">KIT\/TR54<\/td>\n<td align=\"left\"><\/td>\n<\/tr>\n<\/tbody>\n<\/table>\n<\/div>\n","protected":false},"featured_media":13245,"template":"","meta":{"_acf_changed":false},"product_brand":[],"product_cat":[268,287,314,323],"product_tag":[],"class_list":{"0":"post-11258","1":"product","2":"type-product","3":"status-publish","4":"has-post-thumbnail","6":"product_cat-prodotti","7":"product_cat-accessori","8":"product_cat-kit-di-trasformazione","9":"product_cat-protezioni-cilindro","10":"product-grid-view","12":"first","13":"instock","14":"shipping-taxable","15":"product-type-simple"},"acf":[],"yoast_head":"<!-- This site is optimized with the Yoast SEO plugin v24.4 - https:\/\/yoast.com\/wordpress\/plugins\/seo\/ -->\n<title>KIT\/TR52 | MOIA Serrature di sicurezza<\/title>\n<meta name=\"robots\" content=\"index, follow, max-snippet:-1, max-image-preview:large, max-video-preview:-1\" \/>\n<link rel=\"canonical\" href=\"https:\/\/www.moiaserrature.it\/prodotto\/kit-tr52\/\" \/>\n<meta property=\"og:locale\" content=\"en_US\" \/>\n<meta property=\"og:type\" content=\"article\" \/>\n<meta property=\"og:title\" content=\"KIT\/TR52 | MOIA Serrature di sicurezza\" \/>\n<meta property=\"og:description\" content=\"\u00d8 foro Codice Note   42 mm KIT\/TR4246      46 mm KIT\/TR4246    52 mm KIT\/TR52    54 mm KIT\/TR54\" \/>\n<meta property=\"og:url\" content=\"https:\/\/www.moiaserrature.it\/prodotto\/kit-tr52\/\" \/>\n<meta property=\"og:site_name\" content=\"MOIA Serrature di sicurezza\" \/>\n<meta property=\"article:publisher\" content=\"https:\/\/www.facebook.com\/OMRserrature\/\" \/>\n<meta property=\"article:modified_time\" content=\"2022-03-15T11:33:14+00:00\" \/>\n<meta property=\"og:image\" content=\"https:\/\/www.moiaserrature.it\/wp-content\/uploads\/2020\/11\/Kit-tr52.jpg\" \/>\n\t<meta property=\"og:image:width\" content=\"1000\" \/>\n\t<meta property=\"og:image:height\" content=\"1000\" \/>\n\t<meta property=\"og:image:type\" content=\"image\/jpeg\" \/>\n<meta name=\"twitter:card\" content=\"summary_large_image\" \/>\n<meta name=\"twitter:site\" content=\"@OMRserrature\" \/>\n<meta name=\"twitter:label1\" content=\"Est. reading time\" \/>\n\t<meta name=\"twitter:data1\" content=\"3 minutes\" \/>\n<script type=\"application\/ld+json\" class=\"yoast-schema-graph\">{\"@context\":\"https:\/\/schema.org\",\"@graph\":[{\"@type\":\"WebPage\",\"@id\":\"https:\/\/www.moiaserrature.it\/prodotto\/kit-tr52\/\",\"url\":\"https:\/\/www.moiaserrature.it\/prodotto\/kit-tr52\/\",\"name\":\"KIT\/TR52 | MOIA Serrature di sicurezza\",\"isPartOf\":{\"@id\":\"https:\/\/www.moiaserrature.it\/#website\"},\"primaryImageOfPage\":{\"@id\":\"https:\/\/www.moiaserrature.it\/prodotto\/kit-tr52\/#primaryimage\"},\"image\":{\"@id\":\"https:\/\/www.moiaserrature.it\/prodotto\/kit-tr52\/#primaryimage\"},\"thumbnailUrl\":\"https:\/\/www.moiaserrature.it\/wp-content\/uploads\/2020\/11\/Kit-tr52.jpg\",\"datePublished\":\"2020-11-11T15:17:01+00:00\",\"dateModified\":\"2022-03-15T11:33:14+00:00\",\"breadcrumb\":{\"@id\":\"https:\/\/www.moiaserrature.it\/prodotto\/kit-tr52\/#breadcrumb\"},\"inLanguage\":\"en-US\",\"potentialAction\":[{\"@type\":\"ReadAction\",\"target\":[\"https:\/\/www.moiaserrature.it\/prodotto\/kit-tr52\/\"]}]},{\"@type\":\"ImageObject\",\"inLanguage\":\"en-US\",\"@id\":\"https:\/\/www.moiaserrature.it\/prodotto\/kit-tr52\/#primaryimage\",\"url\":\"https:\/\/www.moiaserrature.it\/wp-content\/uploads\/2020\/11\/Kit-tr52.jpg\",\"contentUrl\":\"https:\/\/www.moiaserrature.it\/wp-content\/uploads\/2020\/11\/Kit-tr52.jpg\",\"width\":1000,\"height\":1000},{\"@type\":\"BreadcrumbList\",\"@id\":\"https:\/\/www.moiaserrature.it\/prodotto\/kit-tr52\/#breadcrumb\",\"itemListElement\":[{\"@type\":\"ListItem\",\"position\":1,\"name\":\"Home\",\"item\":\"https:\/\/www.moiaserrature.it\/en\/\"},{\"@type\":\"ListItem\",\"position\":2,\"name\":\"Private: Shop\",\"item\":\"https:\/\/www.moiaserrature.it\/en\/shop\/\"},{\"@type\":\"ListItem\",\"position\":3,\"name\":\"KIT\/TR52\"}]},{\"@type\":\"WebSite\",\"@id\":\"https:\/\/www.moiaserrature.it\/#website\",\"url\":\"https:\/\/www.moiaserrature.it\/\",\"name\":\"MOIA Serrature di sicurezza\",\"description\":\"Produzione serrature di sicurezza e sistemi di chiusura\",\"publisher\":{\"@id\":\"https:\/\/www.moiaserrature.it\/#organization\"},\"potentialAction\":[{\"@type\":\"SearchAction\",\"target\":{\"@type\":\"EntryPoint\",\"urlTemplate\":\"https:\/\/www.moiaserrature.it\/?s={search_term_string}\"},\"query-input\":{\"@type\":\"PropertyValueSpecification\",\"valueRequired\":true,\"valueName\":\"search_term_string\"}}],\"inLanguage\":\"en-US\"},{\"@type\":\"Organization\",\"@id\":\"https:\/\/www.moiaserrature.it\/#organization\",\"name\":\"MOIA Serrature\",\"url\":\"https:\/\/www.moiaserrature.it\/\",\"logo\":{\"@type\":\"ImageObject\",\"inLanguage\":\"en-US\",\"@id\":\"https:\/\/www.moiaserrature.it\/#\/schema\/logo\/image\/\",\"url\":\"https:\/\/moiaserrature.it\/wp-content\/uploads\/2017\/04\/2_MOIA_orange_150dpi.jpg\",\"contentUrl\":\"https:\/\/moiaserrature.it\/wp-content\/uploads\/2017\/04\/2_MOIA_orange_150dpi.jpg\",\"width\":2605,\"height\":1088,\"caption\":\"MOIA Serrature\"},\"image\":{\"@id\":\"https:\/\/www.moiaserrature.it\/#\/schema\/logo\/image\/\"},\"sameAs\":[\"https:\/\/www.facebook.com\/OMRserrature\/\",\"https:\/\/x.com\/OMRserrature\",\"https:\/\/www.instagram.com\/omrserrature\",\"https:\/\/www.youtube.com\/OMRsecuritylocks\"]}]}<\/script>\n<!-- \/ Yoast SEO plugin. -->","yoast_head_json":{"title":"KIT\/TR52 | MOIA Serrature di sicurezza","robots":{"index":"index","follow":"follow","max-snippet":"max-snippet:-1","max-image-preview":"max-image-preview:large","max-video-preview":"max-video-preview:-1"},"canonical":"https:\/\/www.moiaserrature.it\/prodotto\/kit-tr52\/","og_locale":"en_US","og_type":"article","og_title":"KIT\/TR52 | MOIA Serrature di sicurezza","og_description":"\u00d8 foro Codice Note   42 mm KIT\/TR4246      46 mm KIT\/TR4246    52 mm KIT\/TR52    54 mm KIT\/TR54","og_url":"https:\/\/www.moiaserrature.it\/prodotto\/kit-tr52\/","og_site_name":"MOIA Serrature di sicurezza","article_publisher":"https:\/\/www.facebook.com\/OMRserrature\/","article_modified_time":"2022-03-15T11:33:14+00:00","og_image":[{"width":1000,"height":1000,"url":"https:\/\/www.moiaserrature.it\/wp-content\/uploads\/2020\/11\/Kit-tr52.jpg","type":"image\/jpeg"}],"twitter_card":"summary_large_image","twitter_site":"@OMRserrature","twitter_misc":{"Est. reading time":"3 minutes"},"schema":{"@context":"https:\/\/schema.org","@graph":[{"@type":"WebPage","@id":"https:\/\/www.moiaserrature.it\/prodotto\/kit-tr52\/","url":"https:\/\/www.moiaserrature.it\/prodotto\/kit-tr52\/","name":"KIT\/TR52 | MOIA Serrature di sicurezza","isPartOf":{"@id":"https:\/\/www.moiaserrature.it\/#website"},"primaryImageOfPage":{"@id":"https:\/\/www.moiaserrature.it\/prodotto\/kit-tr52\/#primaryimage"},"image":{"@id":"https:\/\/www.moiaserrature.it\/prodotto\/kit-tr52\/#primaryimage"},"thumbnailUrl":"https:\/\/www.moiaserrature.it\/wp-content\/uploads\/2020\/11\/Kit-tr52.jpg","datePublished":"2020-11-11T15:17:01+00:00","dateModified":"2022-03-15T11:33:14+00:00","breadcrumb":{"@id":"https:\/\/www.moiaserrature.it\/prodotto\/kit-tr52\/#breadcrumb"},"inLanguage":"en-US","potentialAction":[{"@type":"ReadAction","target":["https:\/\/www.moiaserrature.it\/prodotto\/kit-tr52\/"]}]},{"@type":"ImageObject","inLanguage":"en-US","@id":"https:\/\/www.moiaserrature.it\/prodotto\/kit-tr52\/#primaryimage","url":"https:\/\/www.moiaserrature.it\/wp-content\/uploads\/2020\/11\/Kit-tr52.jpg","contentUrl":"https:\/\/www.moiaserrature.it\/wp-content\/uploads\/2020\/11\/Kit-tr52.jpg","width":1000,"height":1000},{"@type":"BreadcrumbList","@id":"https:\/\/www.moiaserrature.it\/prodotto\/kit-tr52\/#breadcrumb","itemListElement":[{"@type":"ListItem","position":1,"name":"Home","item":"https:\/\/www.moiaserrature.it\/en\/"},{"@type":"ListItem","position":2,"name":"Private: Shop","item":"https:\/\/www.moiaserrature.it\/en\/shop\/"},{"@type":"ListItem","position":3,"name":"KIT\/TR52"}]},{"@type":"WebSite","@id":"https:\/\/www.moiaserrature.it\/#website","url":"https:\/\/www.moiaserrature.it\/","name":"MOIA Serrature di sicurezza","description":"Produzione serrature di sicurezza e sistemi di chiusura","publisher":{"@id":"https:\/\/www.moiaserrature.it\/#organization"},"potentialAction":[{"@type":"SearchAction","target":{"@type":"EntryPoint","urlTemplate":"https:\/\/www.moiaserrature.it\/?s={search_term_string}"},"query-input":{"@type":"PropertyValueSpecification","valueRequired":true,"valueName":"search_term_string"}}],"inLanguage":"en-US"},{"@type":"Organization","@id":"https:\/\/www.moiaserrature.it\/#organization","name":"MOIA Serrature","url":"https:\/\/www.moiaserrature.it\/","logo":{"@type":"ImageObject","inLanguage":"en-US","@id":"https:\/\/www.moiaserrature.it\/#\/schema\/logo\/image\/","url":"https:\/\/moiaserrature.it\/wp-content\/uploads\/2017\/04\/2_MOIA_orange_150dpi.jpg","contentUrl":"https:\/\/moiaserrature.it\/wp-content\/uploads\/2017\/04\/2_MOIA_orange_150dpi.jpg","width":2605,"height":1088,"caption":"MOIA Serrature"},"image":{"@id":"https:\/\/www.moiaserrature.it\/#\/schema\/logo\/image\/"},"sameAs":["https:\/\/www.facebook.com\/OMRserrature\/","https:\/\/x.com\/OMRserrature","https:\/\/www.instagram.com\/omrserrature","https:\/\/www.youtube.com\/OMRsecuritylocks"]}]}},"_links":{"self":[{"href":"https:\/\/www.moiaserrature.it\/en\/wp-json\/wp\/v2\/product\/11258","targetHints":{"allow":["GET"]}}],"collection":[{"href":"https:\/\/www.moiaserrature.it\/en\/wp-json\/wp\/v2\/product"}],"about":[{"href":"https:\/\/www.moiaserrature.it\/en\/wp-json\/wp\/v2\/types\/product"}],"wp:featuredmedia":[{"embeddable":true,"href":"https:\/\/www.moiaserrature.it\/en\/wp-json\/wp\/v2\/media\/13245"}],"wp:attachment":[{"href":"https:\/\/www.moiaserrature.it\/en\/wp-json\/wp\/v2\/media?parent=11258"}],"wp:term":[{"taxonomy":"product_brand","embeddable":true,"href":"https:\/\/www.moiaserrature.it\/en\/wp-json\/wp\/v2\/product_brand?post=11258"},{"taxonomy":"product_cat","embeddable":true,"href":"https:\/\/www.moiaserrature.it\/en\/wp-json\/wp\/v2\/product_cat?post=11258"},{"taxonomy":"product_tag","embeddable":true,"href":"https:\/\/www.moiaserrature.it\/en\/wp-json\/wp\/v2\/product_tag?post=11258"}],"curies":[{"name":"wp","href":"https:\/\/api.w.org\/{rel}","templated":true}]}}