{"id":11264,"date":"2020-11-12T09:08:04","date_gmt":"2020-11-12T08:08:04","guid":{"rendered":"http:\/\/omr.gbsweb.online\/?post_type=product&#038;p=11264"},"modified":"2024-01-30T09:46:31","modified_gmt":"2024-01-30T08:46:31","slug":"j126","status":"publish","type":"product","link":"https:\/\/www.moiaserrature.it\/en\/prodotto\/j126\/","title":{"rendered":"J126"},"content":{"rendered":"<div class=\"fusion-fullwidth fullwidth-box nonhundred-percent-fullwidth non-hundred-percent-height-scrolling\"  style='background-color: rgba(255,255,255,0);background-position: center center;background-repeat: no-repeat;padding-top:0px;padding-right:0px;padding-bottom:0px;padding-left:0px;'><div class=\"fusion-builder-row fusion-row \"><div  class=\"fusion-layout-column fusion_builder_column fusion_builder_column_1_1 fusion-builder-column-1 fusion-one-full fusion-column-first fusion-column-last 1_1\"  style='margin-top:0px;margin-bottom:0px;'>\n\t\t\t\t\t<div class=\"fusion-column-wrapper\" style=\"padding: 0px 0px 0px 0px;background-position:left top;background-repeat:no-repeat;-webkit-background-size:cover;-moz-background-size:cover;-o-background-size:cover;background-size:cover;\"   data-bg-url=\"\">\n\t\t\t\t\t\t<div class=\"fusion-text\"><p>La <strong>serratura corazzabile multi-punto con aste<\/strong> \u00e8 caratterizzata da un corpo serratura a fascia orizzontale funzionante con un meccanismo con chiave punzonata che consente la movimentazione di 4 o 6 punti di chiusura. Offre un\u2019applicazione orizzontale con chiusure verticali, andando a formare una resistente ed efficace chiusura ad H. Grazie al doppio kit di chiavi in dotazione, la vita della serratura \u00e8 raddoppiata! Il kit fornito \u00e8 composto da due chiavi nere che, in caso di <strong>furto<\/strong>, <strong>smarrimento<\/strong> oppure a termine cantiere (in caso di abitazioni nuove), possono essere <strong>disattivate<\/strong> grazie alla chiave one\/off, mantenendo in funzione solo le cinque chiavi padronali arancio: gestione sicura e durata estesa della serratura sono incluse nel prezzo.<\/p>\n<p>La serratura per portoni basculanti, consente di aggiungere una sicurezza supplementare alle classiche serrature per garage o cantin, con apertura con maniglia sia dall&#8217;interno che dall&#8217;esterno, facilmente aggirabili dai ladri, ed \u00e8 <strong>la soluzione ideale per proteggere basculanti con pesi o a molla<\/strong>, per porta garage, per box auto condominiali o per porte da cantina e portoni da furti e tentativi di scasso. Grazie alla possibilit\u00e0 di installazione di un cilindro con chiavi punzonate \u00e8 possibile ottenere grande praticit\u00e0 utilizzando una sola chiave per pi\u00f9 porte attraverso i sistemi a chiave maestra (MK o GMK).<\/p>\n<p>Il cilindro \u00e8 composto da un corpo esterno in acciaio nichelato dotato di pastiglia <strong>anti-trapano e parastrappo anti-pinza<\/strong>\u00a0e di un cilindretto a 11 perni attivi disposti su 2 file. Tale configurazione consente di contrastare l\u2019apertura mediante\u00a0<strong>bumping<\/strong>. Rispetto al tradizionale modello con chiave a pompa, offre il vantaggio di non dover spingere per ruotare, oltre a garantire una\u00a0<strong>maggiore sicurezza e praticit\u00e0<\/strong> grazie alle chiavi nere che si disabilitano automaticamente inserendo la chiave one\/off, in dotazione. \u00c8 possibile realizzare impianti masterizzati con la versione a profilo europeo serie G45\u2026 applicando cilindri di sicurezza a profilo europeo.<\/p>\n<p><strong>Questa serratura in sintesi: fascia per portoni basculanti e cantine.<\/strong> Da quattro a sei punti di chiusura ambidestra.<\/p>\n<\/div><div class=\"fusion-clearfix\"><\/div>\n\n\t\t\t\t\t<\/div>\n\t\t\t\t<\/div><\/div><\/div>\n","protected":false},"excerpt":{"rendered":"<div class=\"table-1\">\n<table width=\"100%\">\n<thead>\n<tr>\n<th align=\"left\">Entrata<br \/>\nchiave<\/th>\n<th align=\"left\">Larghezza<\/th>\n<th align=\"left\">Punti<br \/>\ndi chiusura<\/th>\n<th align=\"left\">Mano<\/th>\n<th align=\"left\">Codice<\/th>\n<th align=\"left\">Note<\/th>\n<\/tr>\n<\/thead>\n<tbody>\n<tr>\n<td align=\"left\">&#8211;<\/td>\n<td align=\"left\">900 mm<\/td>\n<td align=\"left\">Fino a 6<\/td>\n<td align=\"left\">Ambidestra<\/td>\n<td align=\"left\">J126<\/td>\n<td align=\"left\">Disponibile con Profilo europeo mod. 156B<\/td>\n<\/tr>\n<\/tbody>\n<\/table>\n<\/div>\n","protected":false},"featured_media":16708,"template":"","meta":{"_acf_changed":false},"product_brand":[],"product_cat":[692,711,710,36,56,58,244,251,268,279,297,278,269,329,338,340,330],"product_tag":[],"class_list":{"0":"post-11264","1":"product","2":"type-product","3":"status-publish","4":"has-post-thumbnail","6":"product_cat-serratura-da-applicare-con-cilindro-a-chiave-punzonata","7":"product_cat-nuova-serie-j-serrature-da-applicare","8":"product_cat-nuova-serie-j","9":"product_cat-moia","10":"product_cat-applicare","11":"product_cat-pompa","12":"product_cat-cilindro-chiave-punzonata","13":"product_cat-serrande-e-porte-basculanti","14":"product_cat-prodotti","15":"product_cat-serrature-a-fascia","16":"product_cat-serrature-orizzontale","17":"product_cat-serrature-da-applicare","18":"product_cat-applicazioni_moia","19":"product_cat-serrature-per-porte","20":"product_cat-serrature-porte-in-legno","21":"product_cat-serrature-porte-in-metallo","22":"product_cat-serrature-per-serrande-e-garage","23":"product-grid-view","25":"first","26":"instock","27":"shipping-taxable","28":"product-type-simple"},"acf":[],"yoast_head":"<!-- This site is optimized with the Yoast SEO plugin v24.4 - https:\/\/yoast.com\/wordpress\/plugins\/seo\/ -->\n<title>Serratura a fascia per garage a porta basculante | J126<\/title>\n<meta name=\"description\" content=\"Nuova Serie J di MOIA. Serratura a fascia di qualit\u00e0 per garage, cantine e locali tecnici con 4 o 6 punti di chiusura. Cilindro europeo ad alta sicurezza.\" \/>\n<meta name=\"robots\" content=\"index, follow, max-snippet:-1, max-image-preview:large, max-video-preview:-1\" \/>\n<link rel=\"canonical\" href=\"https:\/\/www.moiaserrature.it\/prodotto\/j126\/\" \/>\n<meta property=\"og:locale\" content=\"en_US\" \/>\n<meta property=\"og:type\" content=\"article\" \/>\n<meta property=\"og:title\" content=\"Serratura a fascia per garage a porta basculante | J126\" \/>\n<meta property=\"og:description\" content=\"Nuova Serie J di MOIA. Serratura a fascia di qualit\u00e0 per garage, cantine e locali tecnici con 4 o 6 punti di chiusura. Cilindro europeo ad alta sicurezza.\" \/>\n<meta property=\"og:url\" content=\"https:\/\/www.moiaserrature.it\/prodotto\/j126\/\" \/>\n<meta property=\"og:site_name\" content=\"MOIA Serrature di sicurezza\" \/>\n<meta property=\"article:publisher\" content=\"https:\/\/www.facebook.com\/OMRserrature\/\" \/>\n<meta property=\"article:modified_time\" content=\"2024-01-30T08:46:31+00:00\" \/>\n<meta property=\"og:image\" content=\"https:\/\/www.moiaserrature.it\/wp-content\/uploads\/2020\/11\/J126-1.jpg\" \/>\n\t<meta property=\"og:image:width\" content=\"1500\" \/>\n\t<meta property=\"og:image:height\" content=\"1500\" \/>\n\t<meta property=\"og:image:type\" content=\"image\/jpeg\" \/>\n<meta name=\"twitter:card\" content=\"summary_large_image\" \/>\n<meta name=\"twitter:site\" content=\"@OMRserrature\" \/>\n<meta name=\"twitter:label1\" content=\"Est. reading time\" \/>\n\t<meta name=\"twitter:data1\" content=\"2 minutes\" \/>\n<script type=\"application\/ld+json\" class=\"yoast-schema-graph\">{\"@context\":\"https:\/\/schema.org\",\"@graph\":[{\"@type\":\"WebPage\",\"@id\":\"https:\/\/www.moiaserrature.it\/prodotto\/j126\/\",\"url\":\"https:\/\/www.moiaserrature.it\/prodotto\/j126\/\",\"name\":\"Serratura a fascia per garage a porta basculante | J126\",\"isPartOf\":{\"@id\":\"https:\/\/www.moiaserrature.it\/#website\"},\"primaryImageOfPage\":{\"@id\":\"https:\/\/www.moiaserrature.it\/prodotto\/j126\/#primaryimage\"},\"image\":{\"@id\":\"https:\/\/www.moiaserrature.it\/prodotto\/j126\/#primaryimage\"},\"thumbnailUrl\":\"https:\/\/www.moiaserrature.it\/wp-content\/uploads\/2020\/11\/J126-1.jpg\",\"datePublished\":\"2020-11-12T08:08:04+00:00\",\"dateModified\":\"2024-01-30T08:46:31+00:00\",\"description\":\"Nuova Serie J di MOIA. Serratura a fascia di qualit\u00e0 per garage, cantine e locali tecnici con 4 o 6 punti di chiusura. Cilindro europeo ad alta sicurezza.\",\"breadcrumb\":{\"@id\":\"https:\/\/www.moiaserrature.it\/prodotto\/j126\/#breadcrumb\"},\"inLanguage\":\"en-US\",\"potentialAction\":[{\"@type\":\"ReadAction\",\"target\":[\"https:\/\/www.moiaserrature.it\/prodotto\/j126\/\"]}]},{\"@type\":\"ImageObject\",\"inLanguage\":\"en-US\",\"@id\":\"https:\/\/www.moiaserrature.it\/prodotto\/j126\/#primaryimage\",\"url\":\"https:\/\/www.moiaserrature.it\/wp-content\/uploads\/2020\/11\/J126-1.jpg\",\"contentUrl\":\"https:\/\/www.moiaserrature.it\/wp-content\/uploads\/2020\/11\/J126-1.jpg\",\"width\":1500,\"height\":1500,\"caption\":\"Serratura per garage con portone basculante - cilindro a profilo europeo ad alta sicurezza - Anti-bumping e antiscasso - J126\"},{\"@type\":\"BreadcrumbList\",\"@id\":\"https:\/\/www.moiaserrature.it\/prodotto\/j126\/#breadcrumb\",\"itemListElement\":[{\"@type\":\"ListItem\",\"position\":1,\"name\":\"Home\",\"item\":\"https:\/\/www.moiaserrature.it\/en\/\"},{\"@type\":\"ListItem\",\"position\":2,\"name\":\"Private: Shop\",\"item\":\"https:\/\/www.moiaserrature.it\/en\/shop\/\"},{\"@type\":\"ListItem\",\"position\":3,\"name\":\"J126\"}]},{\"@type\":\"WebSite\",\"@id\":\"https:\/\/www.moiaserrature.it\/#website\",\"url\":\"https:\/\/www.moiaserrature.it\/\",\"name\":\"MOIA Serrature di sicurezza\",\"description\":\"Produzione serrature di sicurezza e sistemi di chiusura\",\"publisher\":{\"@id\":\"https:\/\/www.moiaserrature.it\/#organization\"},\"potentialAction\":[{\"@type\":\"SearchAction\",\"target\":{\"@type\":\"EntryPoint\",\"urlTemplate\":\"https:\/\/www.moiaserrature.it\/?s={search_term_string}\"},\"query-input\":{\"@type\":\"PropertyValueSpecification\",\"valueRequired\":true,\"valueName\":\"search_term_string\"}}],\"inLanguage\":\"en-US\"},{\"@type\":\"Organization\",\"@id\":\"https:\/\/www.moiaserrature.it\/#organization\",\"name\":\"MOIA Serrature\",\"url\":\"https:\/\/www.moiaserrature.it\/\",\"logo\":{\"@type\":\"ImageObject\",\"inLanguage\":\"en-US\",\"@id\":\"https:\/\/www.moiaserrature.it\/#\/schema\/logo\/image\/\",\"url\":\"https:\/\/moiaserrature.it\/wp-content\/uploads\/2017\/04\/2_MOIA_orange_150dpi.jpg\",\"contentUrl\":\"https:\/\/moiaserrature.it\/wp-content\/uploads\/2017\/04\/2_MOIA_orange_150dpi.jpg\",\"width\":2605,\"height\":1088,\"caption\":\"MOIA Serrature\"},\"image\":{\"@id\":\"https:\/\/www.moiaserrature.it\/#\/schema\/logo\/image\/\"},\"sameAs\":[\"https:\/\/www.facebook.com\/OMRserrature\/\",\"https:\/\/x.com\/OMRserrature\",\"https:\/\/www.instagram.com\/omrserrature\",\"https:\/\/www.youtube.com\/OMRsecuritylocks\"]}]}<\/script>\n<!-- \/ Yoast SEO plugin. -->","yoast_head_json":{"title":"Serratura a fascia per garage a porta basculante | J126","description":"Nuova Serie J di MOIA. Serratura a fascia di qualit\u00e0 per garage, cantine e locali tecnici con 4 o 6 punti di chiusura. Cilindro europeo ad alta sicurezza.","robots":{"index":"index","follow":"follow","max-snippet":"max-snippet:-1","max-image-preview":"max-image-preview:large","max-video-preview":"max-video-preview:-1"},"canonical":"https:\/\/www.moiaserrature.it\/prodotto\/j126\/","og_locale":"en_US","og_type":"article","og_title":"Serratura a fascia per garage a porta basculante | J126","og_description":"Nuova Serie J di MOIA. Serratura a fascia di qualit\u00e0 per garage, cantine e locali tecnici con 4 o 6 punti di chiusura. Cilindro europeo ad alta sicurezza.","og_url":"https:\/\/www.moiaserrature.it\/prodotto\/j126\/","og_site_name":"MOIA Serrature di sicurezza","article_publisher":"https:\/\/www.facebook.com\/OMRserrature\/","article_modified_time":"2024-01-30T08:46:31+00:00","og_image":[{"width":1500,"height":1500,"url":"https:\/\/www.moiaserrature.it\/wp-content\/uploads\/2020\/11\/J126-1.jpg","type":"image\/jpeg"}],"twitter_card":"summary_large_image","twitter_site":"@OMRserrature","twitter_misc":{"Est. reading time":"2 minutes"},"schema":{"@context":"https:\/\/schema.org","@graph":[{"@type":"WebPage","@id":"https:\/\/www.moiaserrature.it\/prodotto\/j126\/","url":"https:\/\/www.moiaserrature.it\/prodotto\/j126\/","name":"Serratura a fascia per garage a porta basculante | J126","isPartOf":{"@id":"https:\/\/www.moiaserrature.it\/#website"},"primaryImageOfPage":{"@id":"https:\/\/www.moiaserrature.it\/prodotto\/j126\/#primaryimage"},"image":{"@id":"https:\/\/www.moiaserrature.it\/prodotto\/j126\/#primaryimage"},"thumbnailUrl":"https:\/\/www.moiaserrature.it\/wp-content\/uploads\/2020\/11\/J126-1.jpg","datePublished":"2020-11-12T08:08:04+00:00","dateModified":"2024-01-30T08:46:31+00:00","description":"Nuova Serie J di MOIA. Serratura a fascia di qualit\u00e0 per garage, cantine e locali tecnici con 4 o 6 punti di chiusura. Cilindro europeo ad alta sicurezza.","breadcrumb":{"@id":"https:\/\/www.moiaserrature.it\/prodotto\/j126\/#breadcrumb"},"inLanguage":"en-US","potentialAction":[{"@type":"ReadAction","target":["https:\/\/www.moiaserrature.it\/prodotto\/j126\/"]}]},{"@type":"ImageObject","inLanguage":"en-US","@id":"https:\/\/www.moiaserrature.it\/prodotto\/j126\/#primaryimage","url":"https:\/\/www.moiaserrature.it\/wp-content\/uploads\/2020\/11\/J126-1.jpg","contentUrl":"https:\/\/www.moiaserrature.it\/wp-content\/uploads\/2020\/11\/J126-1.jpg","width":1500,"height":1500,"caption":"Serratura per garage con portone basculante - cilindro a profilo europeo ad alta sicurezza - Anti-bumping e antiscasso - J126"},{"@type":"BreadcrumbList","@id":"https:\/\/www.moiaserrature.it\/prodotto\/j126\/#breadcrumb","itemListElement":[{"@type":"ListItem","position":1,"name":"Home","item":"https:\/\/www.moiaserrature.it\/en\/"},{"@type":"ListItem","position":2,"name":"Private: Shop","item":"https:\/\/www.moiaserrature.it\/en\/shop\/"},{"@type":"ListItem","position":3,"name":"J126"}]},{"@type":"WebSite","@id":"https:\/\/www.moiaserrature.it\/#website","url":"https:\/\/www.moiaserrature.it\/","name":"MOIA Serrature di sicurezza","description":"Produzione serrature di sicurezza e sistemi di chiusura","publisher":{"@id":"https:\/\/www.moiaserrature.it\/#organization"},"potentialAction":[{"@type":"SearchAction","target":{"@type":"EntryPoint","urlTemplate":"https:\/\/www.moiaserrature.it\/?s={search_term_string}"},"query-input":{"@type":"PropertyValueSpecification","valueRequired":true,"valueName":"search_term_string"}}],"inLanguage":"en-US"},{"@type":"Organization","@id":"https:\/\/www.moiaserrature.it\/#organization","name":"MOIA Serrature","url":"https:\/\/www.moiaserrature.it\/","logo":{"@type":"ImageObject","inLanguage":"en-US","@id":"https:\/\/www.moiaserrature.it\/#\/schema\/logo\/image\/","url":"https:\/\/moiaserrature.it\/wp-content\/uploads\/2017\/04\/2_MOIA_orange_150dpi.jpg","contentUrl":"https:\/\/moiaserrature.it\/wp-content\/uploads\/2017\/04\/2_MOIA_orange_150dpi.jpg","width":2605,"height":1088,"caption":"MOIA Serrature"},"image":{"@id":"https:\/\/www.moiaserrature.it\/#\/schema\/logo\/image\/"},"sameAs":["https:\/\/www.facebook.com\/OMRserrature\/","https:\/\/x.com\/OMRserrature","https:\/\/www.instagram.com\/omrserrature","https:\/\/www.youtube.com\/OMRsecuritylocks"]}]}},"_links":{"self":[{"href":"https:\/\/www.moiaserrature.it\/en\/wp-json\/wp\/v2\/product\/11264","targetHints":{"allow":["GET"]}}],"collection":[{"href":"https:\/\/www.moiaserrature.it\/en\/wp-json\/wp\/v2\/product"}],"about":[{"href":"https:\/\/www.moiaserrature.it\/en\/wp-json\/wp\/v2\/types\/product"}],"wp:featuredmedia":[{"embeddable":true,"href":"https:\/\/www.moiaserrature.it\/en\/wp-json\/wp\/v2\/media\/16708"}],"wp:attachment":[{"href":"https:\/\/www.moiaserrature.it\/en\/wp-json\/wp\/v2\/media?parent=11264"}],"wp:term":[{"taxonomy":"product_brand","embeddable":true,"href":"https:\/\/www.moiaserrature.it\/en\/wp-json\/wp\/v2\/product_brand?post=11264"},{"taxonomy":"product_cat","embeddable":true,"href":"https:\/\/www.moiaserrature.it\/en\/wp-json\/wp\/v2\/product_cat?post=11264"},{"taxonomy":"product_tag","embeddable":true,"href":"https:\/\/www.moiaserrature.it\/en\/wp-json\/wp\/v2\/product_tag?post=11264"}],"curies":[{"name":"wp","href":"https:\/\/api.w.org\/{rel}","templated":true}]}}