{"id":1658,"date":"2017-05-25T14:10:54","date_gmt":"2017-05-25T12:10:54","guid":{"rendered":"https:\/\/moiaserrature.it\/?post_type=product&#038;p=1658"},"modified":"2022-01-31T10:29:00","modified_gmt":"2022-01-31T09:29:00","slug":"156b-l","status":"publish","type":"product","link":"https:\/\/www.moiaserrature.it\/en\/prodotto\/156b-l\/","title":{"rendered":"156B\/L"},"content":{"rendered":"<div class=\"fusion-fullwidth fullwidth-box nonhundred-percent-fullwidth non-hundred-percent-height-scrolling\"  style='background-color: rgba(255,255,255,0);background-position: center center;background-repeat: no-repeat;padding-top:0px;padding-right:0px;padding-bottom:0px;padding-left:0px;'><div class=\"fusion-builder-row fusion-row \"><div  class=\"fusion-layout-column fusion_builder_column fusion_builder_column_1_1 fusion-builder-column-1 fusion-one-full fusion-column-first fusion-column-last 1_1\"  style='margin-top:0px;margin-bottom:0px;'>\n\t\t\t\t\t<div class=\"fusion-column-wrapper\" style=\"padding: 0px 0px 0px 0px;background-position:left top;background-repeat:no-repeat;-webkit-background-size:cover;-moz-background-size:cover;-o-background-size:cover;background-size:cover;\"   data-bg-url=\"\">\n\t\t\t\t\t\t<div class=\"fusion-text\"><p>La <strong>serratura corazzabile multi-punto con aste<\/strong> \u00e8 caratterizzata da un corpo serratura a fascia orizzontale funzionante con un cilindro sagomato a profilo europeo che consente la movimentazione di 4 o 6 punti di chiusura. Appartenente al grande mondo delle cosiddette &#8220;serrature europee&#8221;, ha un&#8217;applicazione orizzontale con chiusure verticali, andando a formare una resistente ed efficace <strong>chiusura ad H<\/strong>.<\/p>\n<p>Consente di aggiungere una <strong>sicurezza supplementare<\/strong> alle classiche serrature per garage o cantina, con apertura con maniglia sia dall`interno che dall`esterno, purtroppo facilmente attaccabili dai ladri. Grazie al sistema di anti-sollevamento delle gorges, che impedisce la manipolazione mediante doppia foratura, non si rende necessario l&#8217;utilizzo di placche al manganese. Si pu\u00f2 installare sia un cilindro profilato europeo chiave\/chiave, in modo da potersi chiudere dall&#8217;interno, sia un semicilindro profilato per poter chiudere solo dall&#8217;esterno.<\/p>\n<p>E&#8217; la soluzione ideale <strong>per proteggere porte basculanti <\/strong>con pesi o a molla, per porta garage, per box auto condominiali o per porte da cantina e portoni da furti e tentativi di scasso. Grazie alla possibilit\u00e0 di installazione di un <strong>cilindro a profilo europeo<\/strong>, con chiavi punzonate o standard, \u00e8 possibile ottenere grande praticit\u00e0 utilizzando <strong>una sola chiave per pi\u00f9 porte<\/strong> attraverso i sistemi a chiave maestra (MK o GMK).<\/p>\n<\/div><div class=\"fusion-clearfix\"><\/div>\n\n\t\t\t\t\t<\/div>\n\t\t\t\t<\/div><\/div><\/div>\n","protected":false},"excerpt":{"rendered":"<div class=\"table-1\">\n<table width=\"100%\">\n<thead>\n<tr>\n<th align=\"left\">Entrata<br \/>\nchiave<\/th>\n<th align=\"left\">Larghezza<\/th>\n<th align=\"left\">Punti<br \/>\ndi chiusura<\/th>\n<th align=\"left\">Mano<\/th>\n<th align=\"left\">Codice<\/th>\n<th align=\"left\">Note<\/th>\n<\/tr>\n<tr>\n<td align=\"left\">&#8211;<\/td>\n<td align=\"left\">1700 mm<\/td>\n<td align=\"left\">fino a 6<\/td>\n<td align=\"left\">Ambidestra<\/td>\n<td align=\"left\">156B\/L<\/td>\n<td align=\"left\">Ideale per porte basculanti<\/td>\n<\/tr>\n<\/thead>\n<tbody>\n<tr>\n<td align=\"left\">&#8211;<\/td>\n<td align=\"left\">900 mm<\/td>\n<td align=\"left\">fino a 6<\/td>\n<td align=\"left\">Ambidestra<\/td>\n<td align=\"left\">156B<\/td>\n<td align=\"left\">Ideale per porte basculanti piccole<\/td>\n<\/tr>\n<tr>\n<td align=\"left\">&#8211;<\/td>\n<td align=\"left\">500 mm<\/td>\n<td align=\"left\">fino a 4<\/td>\n<td align=\"left\">Ambidestra<\/td>\n<td align=\"left\">156B\/C<\/td>\n<td align=\"left\">Ideale per porte da cantina<\/td>\n<\/tr>\n<\/tbody>\n<\/table>\n<p>&nbsp;<\/p>\n<\/div>\n","protected":false},"featured_media":1590,"template":"","meta":{"_acf_changed":false},"product_brand":[],"product_cat":[36,251,279,297,637,330],"product_tag":[73,61,62],"class_list":{"0":"post-1658","1":"product","2":"type-product","3":"status-publish","4":"has-post-thumbnail","6":"product_cat-moia","7":"product_cat-serrande-e-porte-basculanti","8":"product_cat-serrature-a-fascia","9":"product_cat-serrature-orizzontale","10":"product_cat-serie-rpo","11":"product_cat-serrature-per-serrande-e-garage","12":"product_tag-applicare","13":"product_tag-moia","14":"product_tag-profilo-europeo","15":"product-grid-view","17":"first","18":"instock","19":"shipping-taxable","20":"product-type-simple"},"acf":[],"yoast_head":"<!-- This site is optimized with the Yoast SEO plugin v24.4 - https:\/\/yoast.com\/wordpress\/plugins\/seo\/ -->\n<title>156B\/L | MOIA Serrature di sicurezza<\/title>\n<meta name=\"robots\" content=\"index, follow, max-snippet:-1, max-image-preview:large, max-video-preview:-1\" \/>\n<link rel=\"canonical\" href=\"https:\/\/www.moiaserrature.it\/prodotto\/156b-l\/\" \/>\n<meta property=\"og:locale\" content=\"en_US\" \/>\n<meta property=\"og:type\" content=\"article\" \/>\n<meta property=\"og:title\" content=\"156B\/L | MOIA Serrature di sicurezza\" \/>\n<meta property=\"og:description\" content=\"Entrata chiave Larghezza Punti di chiusura Mano Codice Note   - 1700 mm fino a 6 Ambidestra 156B\/L Ideale per porte basculanti     - 900 mm fino a 6 Ambidestra 156B Ideale per porte basculanti piccole   - 500 mm fino a 4 Ambidestra 156B\/C Ideale per porte da cantina    &nbsp;\" \/>\n<meta property=\"og:url\" content=\"https:\/\/www.moiaserrature.it\/prodotto\/156b-l\/\" \/>\n<meta property=\"og:site_name\" content=\"MOIA Serrature di sicurezza\" \/>\n<meta property=\"article:publisher\" content=\"https:\/\/www.facebook.com\/OMRserrature\/\" \/>\n<meta property=\"article:modified_time\" content=\"2022-01-31T09:29:00+00:00\" \/>\n<meta property=\"og:image\" content=\"https:\/\/www.moiaserrature.it\/wp-content\/uploads\/2017\/05\/156.jpg\" \/>\n\t<meta property=\"og:image:width\" content=\"500\" \/>\n\t<meta property=\"og:image:height\" content=\"500\" \/>\n\t<meta property=\"og:image:type\" content=\"image\/jpeg\" \/>\n<meta name=\"twitter:card\" content=\"summary_large_image\" \/>\n<meta name=\"twitter:site\" content=\"@OMRserrature\" \/>\n<meta name=\"twitter:label1\" content=\"Est. reading time\" \/>\n\t<meta name=\"twitter:data1\" content=\"2 minutes\" \/>\n<script type=\"application\/ld+json\" class=\"yoast-schema-graph\">{\"@context\":\"https:\/\/schema.org\",\"@graph\":[{\"@type\":\"WebPage\",\"@id\":\"https:\/\/www.moiaserrature.it\/prodotto\/156b-l\/\",\"url\":\"https:\/\/www.moiaserrature.it\/prodotto\/156b-l\/\",\"name\":\"156B\/L | MOIA Serrature di sicurezza\",\"isPartOf\":{\"@id\":\"https:\/\/www.moiaserrature.it\/#website\"},\"primaryImageOfPage\":{\"@id\":\"https:\/\/www.moiaserrature.it\/prodotto\/156b-l\/#primaryimage\"},\"image\":{\"@id\":\"https:\/\/www.moiaserrature.it\/prodotto\/156b-l\/#primaryimage\"},\"thumbnailUrl\":\"https:\/\/www.moiaserrature.it\/wp-content\/uploads\/2017\/05\/156.jpg\",\"datePublished\":\"2017-05-25T12:10:54+00:00\",\"dateModified\":\"2022-01-31T09:29:00+00:00\",\"breadcrumb\":{\"@id\":\"https:\/\/www.moiaserrature.it\/prodotto\/156b-l\/#breadcrumb\"},\"inLanguage\":\"en-US\",\"potentialAction\":[{\"@type\":\"ReadAction\",\"target\":[\"https:\/\/www.moiaserrature.it\/prodotto\/156b-l\/\"]}]},{\"@type\":\"ImageObject\",\"inLanguage\":\"en-US\",\"@id\":\"https:\/\/www.moiaserrature.it\/prodotto\/156b-l\/#primaryimage\",\"url\":\"https:\/\/www.moiaserrature.it\/wp-content\/uploads\/2017\/05\/156.jpg\",\"contentUrl\":\"https:\/\/www.moiaserrature.it\/wp-content\/uploads\/2017\/05\/156.jpg\",\"width\":500,\"height\":500,\"caption\":\"156 - Serratura di Sicurezza per garage e porte basculanti\"},{\"@type\":\"BreadcrumbList\",\"@id\":\"https:\/\/www.moiaserrature.it\/prodotto\/156b-l\/#breadcrumb\",\"itemListElement\":[{\"@type\":\"ListItem\",\"position\":1,\"name\":\"Home\",\"item\":\"https:\/\/www.moiaserrature.it\/en\/\"},{\"@type\":\"ListItem\",\"position\":2,\"name\":\"Private: Shop\",\"item\":\"https:\/\/www.moiaserrature.it\/en\/shop\/\"},{\"@type\":\"ListItem\",\"position\":3,\"name\":\"156B\/L\"}]},{\"@type\":\"WebSite\",\"@id\":\"https:\/\/www.moiaserrature.it\/#website\",\"url\":\"https:\/\/www.moiaserrature.it\/\",\"name\":\"MOIA Serrature di sicurezza\",\"description\":\"Produzione serrature di sicurezza e sistemi di chiusura\",\"publisher\":{\"@id\":\"https:\/\/www.moiaserrature.it\/#organization\"},\"potentialAction\":[{\"@type\":\"SearchAction\",\"target\":{\"@type\":\"EntryPoint\",\"urlTemplate\":\"https:\/\/www.moiaserrature.it\/?s={search_term_string}\"},\"query-input\":{\"@type\":\"PropertyValueSpecification\",\"valueRequired\":true,\"valueName\":\"search_term_string\"}}],\"inLanguage\":\"en-US\"},{\"@type\":\"Organization\",\"@id\":\"https:\/\/www.moiaserrature.it\/#organization\",\"name\":\"MOIA Serrature\",\"url\":\"https:\/\/www.moiaserrature.it\/\",\"logo\":{\"@type\":\"ImageObject\",\"inLanguage\":\"en-US\",\"@id\":\"https:\/\/www.moiaserrature.it\/#\/schema\/logo\/image\/\",\"url\":\"https:\/\/moiaserrature.it\/wp-content\/uploads\/2017\/04\/2_MOIA_orange_150dpi.jpg\",\"contentUrl\":\"https:\/\/moiaserrature.it\/wp-content\/uploads\/2017\/04\/2_MOIA_orange_150dpi.jpg\",\"width\":2605,\"height\":1088,\"caption\":\"MOIA Serrature\"},\"image\":{\"@id\":\"https:\/\/www.moiaserrature.it\/#\/schema\/logo\/image\/\"},\"sameAs\":[\"https:\/\/www.facebook.com\/OMRserrature\/\",\"https:\/\/x.com\/OMRserrature\",\"https:\/\/www.instagram.com\/omrserrature\",\"https:\/\/www.youtube.com\/OMRsecuritylocks\"]}]}<\/script>\n<!-- \/ Yoast SEO plugin. -->","yoast_head_json":{"title":"156B\/L | MOIA Serrature di sicurezza","robots":{"index":"index","follow":"follow","max-snippet":"max-snippet:-1","max-image-preview":"max-image-preview:large","max-video-preview":"max-video-preview:-1"},"canonical":"https:\/\/www.moiaserrature.it\/prodotto\/156b-l\/","og_locale":"en_US","og_type":"article","og_title":"156B\/L | MOIA Serrature di sicurezza","og_description":"Entrata chiave Larghezza Punti di chiusura Mano Codice Note   - 1700 mm fino a 6 Ambidestra 156B\/L Ideale per porte basculanti     - 900 mm fino a 6 Ambidestra 156B Ideale per porte basculanti piccole   - 500 mm fino a 4 Ambidestra 156B\/C Ideale per porte da cantina    &nbsp;","og_url":"https:\/\/www.moiaserrature.it\/prodotto\/156b-l\/","og_site_name":"MOIA Serrature di sicurezza","article_publisher":"https:\/\/www.facebook.com\/OMRserrature\/","article_modified_time":"2022-01-31T09:29:00+00:00","og_image":[{"width":500,"height":500,"url":"https:\/\/www.moiaserrature.it\/wp-content\/uploads\/2017\/05\/156.jpg","type":"image\/jpeg"}],"twitter_card":"summary_large_image","twitter_site":"@OMRserrature","twitter_misc":{"Est. reading time":"2 minutes"},"schema":{"@context":"https:\/\/schema.org","@graph":[{"@type":"WebPage","@id":"https:\/\/www.moiaserrature.it\/prodotto\/156b-l\/","url":"https:\/\/www.moiaserrature.it\/prodotto\/156b-l\/","name":"156B\/L | MOIA Serrature di sicurezza","isPartOf":{"@id":"https:\/\/www.moiaserrature.it\/#website"},"primaryImageOfPage":{"@id":"https:\/\/www.moiaserrature.it\/prodotto\/156b-l\/#primaryimage"},"image":{"@id":"https:\/\/www.moiaserrature.it\/prodotto\/156b-l\/#primaryimage"},"thumbnailUrl":"https:\/\/www.moiaserrature.it\/wp-content\/uploads\/2017\/05\/156.jpg","datePublished":"2017-05-25T12:10:54+00:00","dateModified":"2022-01-31T09:29:00+00:00","breadcrumb":{"@id":"https:\/\/www.moiaserrature.it\/prodotto\/156b-l\/#breadcrumb"},"inLanguage":"en-US","potentialAction":[{"@type":"ReadAction","target":["https:\/\/www.moiaserrature.it\/prodotto\/156b-l\/"]}]},{"@type":"ImageObject","inLanguage":"en-US","@id":"https:\/\/www.moiaserrature.it\/prodotto\/156b-l\/#primaryimage","url":"https:\/\/www.moiaserrature.it\/wp-content\/uploads\/2017\/05\/156.jpg","contentUrl":"https:\/\/www.moiaserrature.it\/wp-content\/uploads\/2017\/05\/156.jpg","width":500,"height":500,"caption":"156 - Serratura di Sicurezza per garage e porte basculanti"},{"@type":"BreadcrumbList","@id":"https:\/\/www.moiaserrature.it\/prodotto\/156b-l\/#breadcrumb","itemListElement":[{"@type":"ListItem","position":1,"name":"Home","item":"https:\/\/www.moiaserrature.it\/en\/"},{"@type":"ListItem","position":2,"name":"Private: Shop","item":"https:\/\/www.moiaserrature.it\/en\/shop\/"},{"@type":"ListItem","position":3,"name":"156B\/L"}]},{"@type":"WebSite","@id":"https:\/\/www.moiaserrature.it\/#website","url":"https:\/\/www.moiaserrature.it\/","name":"MOIA Serrature di sicurezza","description":"Produzione serrature di sicurezza e sistemi di chiusura","publisher":{"@id":"https:\/\/www.moiaserrature.it\/#organization"},"potentialAction":[{"@type":"SearchAction","target":{"@type":"EntryPoint","urlTemplate":"https:\/\/www.moiaserrature.it\/?s={search_term_string}"},"query-input":{"@type":"PropertyValueSpecification","valueRequired":true,"valueName":"search_term_string"}}],"inLanguage":"en-US"},{"@type":"Organization","@id":"https:\/\/www.moiaserrature.it\/#organization","name":"MOIA Serrature","url":"https:\/\/www.moiaserrature.it\/","logo":{"@type":"ImageObject","inLanguage":"en-US","@id":"https:\/\/www.moiaserrature.it\/#\/schema\/logo\/image\/","url":"https:\/\/moiaserrature.it\/wp-content\/uploads\/2017\/04\/2_MOIA_orange_150dpi.jpg","contentUrl":"https:\/\/moiaserrature.it\/wp-content\/uploads\/2017\/04\/2_MOIA_orange_150dpi.jpg","width":2605,"height":1088,"caption":"MOIA Serrature"},"image":{"@id":"https:\/\/www.moiaserrature.it\/#\/schema\/logo\/image\/"},"sameAs":["https:\/\/www.facebook.com\/OMRserrature\/","https:\/\/x.com\/OMRserrature","https:\/\/www.instagram.com\/omrserrature","https:\/\/www.youtube.com\/OMRsecuritylocks"]}]}},"_links":{"self":[{"href":"https:\/\/www.moiaserrature.it\/en\/wp-json\/wp\/v2\/product\/1658","targetHints":{"allow":["GET"]}}],"collection":[{"href":"https:\/\/www.moiaserrature.it\/en\/wp-json\/wp\/v2\/product"}],"about":[{"href":"https:\/\/www.moiaserrature.it\/en\/wp-json\/wp\/v2\/types\/product"}],"wp:featuredmedia":[{"embeddable":true,"href":"https:\/\/www.moiaserrature.it\/en\/wp-json\/wp\/v2\/media\/1590"}],"wp:attachment":[{"href":"https:\/\/www.moiaserrature.it\/en\/wp-json\/wp\/v2\/media?parent=1658"}],"wp:term":[{"taxonomy":"product_brand","embeddable":true,"href":"https:\/\/www.moiaserrature.it\/en\/wp-json\/wp\/v2\/product_brand?post=1658"},{"taxonomy":"product_cat","embeddable":true,"href":"https:\/\/www.moiaserrature.it\/en\/wp-json\/wp\/v2\/product_cat?post=1658"},{"taxonomy":"product_tag","embeddable":true,"href":"https:\/\/www.moiaserrature.it\/en\/wp-json\/wp\/v2\/product_tag?post=1658"}],"curies":[{"name":"wp","href":"https:\/\/api.w.org\/{rel}","templated":true}]}}