{"id":7538,"date":"2018-07-12T14:31:54","date_gmt":"2018-07-12T12:31:54","guid":{"rendered":"https:\/\/moiaserrature.it\/?post_type=product&#038;p=7538"},"modified":"2025-03-10T10:56:40","modified_gmt":"2025-03-10T09:56:40","slug":"rmga664-373rfb","status":"publish","type":"product","link":"https:\/\/www.moiaserrature.it\/en\/prodotto\/rmga664-373rfb\/","title":{"rendered":"RMGA664\/373RFB"},"content":{"rendered":"<div class=\"fusion-fullwidth fullwidth-box nonhundred-percent-fullwidth non-hundred-percent-height-scrolling\"  style='background-color: rgba(255,255,255,0);background-position: center center;background-repeat: no-repeat;padding-top:0px;padding-right:0px;padding-bottom:0px;padding-left:0px;'><div class=\"fusion-builder-row fusion-row \"><div  class=\"fusion-layout-column fusion_builder_column fusion_builder_column_1_1 fusion-builder-column-1 fusion-one-full fusion-column-first fusion-column-last 1_1\"  style='margin-top:0px;margin-bottom:0px;'>\n\t\t\t\t\t<div class=\"fusion-column-wrapper\" style=\"padding: 0px 0px 0px 0px;background-position:left top;background-repeat:no-repeat;-webkit-background-size:cover;-moz-background-size:cover;-o-background-size:cover;background-size:cover;\"   data-bg-url=\"\">\n\t\t\t\t\t\t<div class=\"fusion-text\"><p>La serratura a incasso Serie RMGA di MOIA \u00e8 progettata per offrire protezione, affidabilit\u00e0 e comfort nell\u2019uso quotidiano. Ideale per porte blindate, questa <strong>serratura reversibile<\/strong> triplice con scrocco garantisce una chiusura sicura grazie a tre punti di bloccaggio: chiavistelli, due aste di ancoraggio al telaio e scrocco.<\/p>\n<h2>Massima sicurezza ed ergonomia<\/h2>\n<p>La RMGA \u00e8 predisposta per l\u2019installazione di un cilindro a profilo europeo, il sistema di sicurezza pi\u00f9 avanzato per proteggere i tuoi ambienti. Il cuore della serratura \u00e8 un sofisticato meccanismo a ingranaggi con 5 ruote dentate che moltiplicano il movimento. Questo sistema consente alla chiave di girare con fluidit\u00e0, senza scatti, garantendo una manovrabilit\u00e0 confortevole e silenziosa. <strong>La versione RFB \u00e8 reversibile, ovvero monta su porte a mano destra e sinistra.<\/strong><\/p>\n<h2>Protezione antieffrazione avanzata<\/h2>\n<p>Per contrastare i tentativi di scasso, la serratura integra un meccanismo di sicurezza con doppio sensore interno ed esterno. Quando la serratura \u00e8 completamente chiusa (alla seconda mandata), il sistema antieffrazione si attiva, bloccando il meccanismo in caso di forzatura del cilindro.<\/p>\n<h2>Installazione versatile e personalizzabile<\/h2>\n<p>Pensata per agevolare il montaggio, la RMGA offre due opzioni di fissaggio: con <strong>boccole filettate<\/strong> o con<strong> dadi in gabbia<\/strong>, garantendo massima flessibilit\u00e0 per adattarsi a diverse esigenze. <strong>L&#8217;installazione su porta destra o sinistra \u00e8 possibile grazie alla piastra DMPI0001<\/strong> che si fissa ai dadi in gabbia presenti sui lati alto e basso, e dispone di 4 boccole filettate per il fissaggio al telaio della vostra porta blindata.<\/p>\n<p>Inoltre, la serratura pu\u00f2 essere personalizzata con una gamma di accessori, tra cui:<\/p>\n<ul>\n<li>Mostrine e placche di rifinitura<\/li>\n<li>Testiere, ferrogliere, aste e deviatori<\/li>\n<li>Cilindro a profilo europeo MOIA e protezioni cilindro<\/li>\n<\/ul>\n<p>Grazie allo <strong>scrocco reversibile con sagoma anti-frizionamento<\/strong> e un design studiato nei minimi dettagli, la RMGA664\/373RFB \u00e8 una <strong>serratura reversibile<\/strong> di alto livello ideale per chi cerca una serratura ad alte prestazioni, affidabile e sicura per porte blindate.<\/p>\n<\/div><div class=\"fusion-clearfix\"><\/div>\n\n\t\t\t\t\t<\/div>\n\t\t\t\t<\/div><\/div><\/div>\n","protected":false},"excerpt":{"rendered":"<div class=\"table-1\">\n<table width=\"100%\">\n<thead>\n<tr>\n<th align=\"left\">Entrata<br \/>\nchiave<\/th>\n<th align=\"left\">Passo<br \/>\nchiavistelli<\/th>\n<th align=\"left\">Punti<br \/>\ndi chiusura<\/th>\n<th align=\"left\">Mano<\/th>\n<th align=\"left\">Codice<\/th>\n<th align=\"left\">Note<\/th>\n<\/tr>\n<tr>\n<td align=\"left\">89 mm<\/td>\n<td align=\"left\">37 mm<\/td>\n<td align=\"left\">3 + scrocco<\/td>\n<td align=\"left\">Destra<\/td>\n<td align=\"left\">\n<p class=\"p1\">RMGA664\/373DFQB<\/p>\n<\/td>\n<td align=\"left\">Scrocco reversibile<\/td>\n<\/tr>\n<\/thead>\n<tbody>\n<tr>\n<td align=\"left\"><strong>89 mm<\/strong><\/td>\n<td align=\"left\"><strong>37 mm<\/strong><\/td>\n<td align=\"left\"><strong>3 + scrocco<\/strong><\/td>\n<td align=\"left\"><strong>Sinistra<\/strong><\/td>\n<td align=\"left\">\n<p class=\"p1\"><strong>RMGA664\/373SFQB<\/strong><\/p>\n<\/td>\n<td align=\"left\"><strong>Scrocco reversibile<\/strong><\/td>\n<\/tr>\n<tr>\n<td align=\"left\">89 mm<\/td>\n<td align=\"left\">37 mm<\/td>\n<td align=\"left\">3 + scrocco<\/td>\n<td align=\"left\">Ambidestra<\/td>\n<td align=\"left\">\n<p class=\"p1\">RMGA664\/373RFB<\/p>\n<\/td>\n<td align=\"left\">\n<p class=\"p1\">Scrocco reversibile<\/p>\n<\/td>\n<\/tr>\n<\/tbody>\n<\/table>\n<\/div>\n","protected":false},"featured_media":17699,"template":"","meta":{"_acf_changed":false},"product_brand":[],"product_cat":[36,53,37,38,55,268,277,275,290,281,276,649,329,337,338,340],"product_tag":[65,61,62],"class_list":{"0":"post-7538","1":"product","2":"type-product","3":"status-publish","4":"has-post-thumbnail","6":"product_cat-moia","7":"product_cat-incasso","8":"product_cat-profilo-europeo","9":"product_cat-ingranaggi","10":"product_cat-incasso-speciali","11":"product_cat-prodotti","12":"product_cat-incasso-speciali-e-personalizzate","13":"product_cat-serrature-a-incasso","14":"product_cat-serrature-cilindro-europeo-ad-ingranaggi","15":"product_cat-serrature-da-infilare","16":"product_cat-serrature-di-ricambio-per-porte-blindate","17":"product_cat-serie-rmga","18":"product_cat-serrature-per-porte","19":"product_cat-serrature-porte-blindate","20":"product_cat-serrature-porte-in-legno","21":"product_cat-serrature-porte-in-metallo","22":"product_tag-incasso","23":"product_tag-moia","24":"product_tag-profilo-europeo","25":"product-grid-view","27":"first","28":"instock","29":"shipping-taxable","30":"product-type-simple"},"acf":[],"yoast_head":"<!-- This site is optimized with the Yoast SEO plugin v24.4 - https:\/\/yoast.com\/wordpress\/plugins\/seo\/ -->\n<title>RMGA664\/373RFB | MOIA Serrature di sicurezza<\/title>\n<meta name=\"robots\" content=\"index, follow, max-snippet:-1, max-image-preview:large, max-video-preview:-1\" \/>\n<link rel=\"canonical\" href=\"https:\/\/www.moiaserrature.it\/prodotto\/rmga664-373rfb\/\" \/>\n<meta property=\"og:locale\" content=\"en_US\" \/>\n<meta property=\"og:type\" content=\"article\" \/>\n<meta property=\"og:title\" content=\"RMGA664\/373RFB | MOIA Serrature di sicurezza\" \/>\n<meta property=\"og:description\" content=\"Entrata chiave Passo chiavistelli Punti di chiusura Mano Codice Note   89 mm 37 mm 3 + scrocco Destra  RMGA664\/373DFQB  Scrocco reversibile     89 mm 37 mm 3 + scrocco Sinistra  RMGA664\/373SFQB  Scrocco reversibile   89 mm 37 mm 3 + scrocco Ambidestra  RMGA664\/373RFB   Scrocco reversibile\" \/>\n<meta property=\"og:url\" content=\"https:\/\/www.moiaserrature.it\/prodotto\/rmga664-373rfb\/\" \/>\n<meta property=\"og:site_name\" content=\"MOIA Serrature di sicurezza\" \/>\n<meta property=\"article:publisher\" content=\"https:\/\/www.facebook.com\/OMRserrature\/\" \/>\n<meta property=\"article:modified_time\" content=\"2025-03-10T09:56:40+00:00\" \/>\n<meta property=\"og:image\" content=\"https:\/\/www.moiaserrature.it\/wp-content\/uploads\/2018\/07\/RMGA664-373RFB-1.jpg\" \/>\n\t<meta property=\"og:image:width\" content=\"1000\" \/>\n\t<meta property=\"og:image:height\" content=\"1000\" \/>\n\t<meta property=\"og:image:type\" content=\"image\/jpeg\" \/>\n<meta name=\"twitter:card\" content=\"summary_large_image\" \/>\n<meta name=\"twitter:site\" content=\"@OMRserrature\" \/>\n<meta name=\"twitter:label1\" content=\"Est. reading time\" \/>\n\t<meta name=\"twitter:data1\" content=\"3 minutes\" \/>\n<script type=\"application\/ld+json\" class=\"yoast-schema-graph\">{\"@context\":\"https:\/\/schema.org\",\"@graph\":[{\"@type\":\"WebPage\",\"@id\":\"https:\/\/www.moiaserrature.it\/prodotto\/rmga664-373rfb\/\",\"url\":\"https:\/\/www.moiaserrature.it\/prodotto\/rmga664-373rfb\/\",\"name\":\"RMGA664\/373RFB | MOIA Serrature di sicurezza\",\"isPartOf\":{\"@id\":\"https:\/\/www.moiaserrature.it\/#website\"},\"primaryImageOfPage\":{\"@id\":\"https:\/\/www.moiaserrature.it\/prodotto\/rmga664-373rfb\/#primaryimage\"},\"image\":{\"@id\":\"https:\/\/www.moiaserrature.it\/prodotto\/rmga664-373rfb\/#primaryimage\"},\"thumbnailUrl\":\"https:\/\/www.moiaserrature.it\/wp-content\/uploads\/2018\/07\/RMGA664-373RFB-1.jpg\",\"datePublished\":\"2018-07-12T12:31:54+00:00\",\"dateModified\":\"2025-03-10T09:56:40+00:00\",\"breadcrumb\":{\"@id\":\"https:\/\/www.moiaserrature.it\/prodotto\/rmga664-373rfb\/#breadcrumb\"},\"inLanguage\":\"en-US\",\"potentialAction\":[{\"@type\":\"ReadAction\",\"target\":[\"https:\/\/www.moiaserrature.it\/prodotto\/rmga664-373rfb\/\"]}]},{\"@type\":\"ImageObject\",\"inLanguage\":\"en-US\",\"@id\":\"https:\/\/www.moiaserrature.it\/prodotto\/rmga664-373rfb\/#primaryimage\",\"url\":\"https:\/\/www.moiaserrature.it\/wp-content\/uploads\/2018\/07\/RMGA664-373RFB-1.jpg\",\"contentUrl\":\"https:\/\/www.moiaserrature.it\/wp-content\/uploads\/2018\/07\/RMGA664-373RFB-1.jpg\",\"width\":1000,\"height\":1000,\"caption\":\"RMGA664-373RFB\"},{\"@type\":\"BreadcrumbList\",\"@id\":\"https:\/\/www.moiaserrature.it\/prodotto\/rmga664-373rfb\/#breadcrumb\",\"itemListElement\":[{\"@type\":\"ListItem\",\"position\":1,\"name\":\"Home\",\"item\":\"https:\/\/www.moiaserrature.it\/en\/\"},{\"@type\":\"ListItem\",\"position\":2,\"name\":\"Private: Shop\",\"item\":\"https:\/\/www.moiaserrature.it\/en\/shop\/\"},{\"@type\":\"ListItem\",\"position\":3,\"name\":\"RMGA664\/373RFB\"}]},{\"@type\":\"WebSite\",\"@id\":\"https:\/\/www.moiaserrature.it\/#website\",\"url\":\"https:\/\/www.moiaserrature.it\/\",\"name\":\"MOIA Serrature di sicurezza\",\"description\":\"Produzione serrature di sicurezza e sistemi di chiusura\",\"publisher\":{\"@id\":\"https:\/\/www.moiaserrature.it\/#organization\"},\"potentialAction\":[{\"@type\":\"SearchAction\",\"target\":{\"@type\":\"EntryPoint\",\"urlTemplate\":\"https:\/\/www.moiaserrature.it\/?s={search_term_string}\"},\"query-input\":{\"@type\":\"PropertyValueSpecification\",\"valueRequired\":true,\"valueName\":\"search_term_string\"}}],\"inLanguage\":\"en-US\"},{\"@type\":\"Organization\",\"@id\":\"https:\/\/www.moiaserrature.it\/#organization\",\"name\":\"MOIA Serrature\",\"url\":\"https:\/\/www.moiaserrature.it\/\",\"logo\":{\"@type\":\"ImageObject\",\"inLanguage\":\"en-US\",\"@id\":\"https:\/\/www.moiaserrature.it\/#\/schema\/logo\/image\/\",\"url\":\"https:\/\/moiaserrature.it\/wp-content\/uploads\/2017\/04\/2_MOIA_orange_150dpi.jpg\",\"contentUrl\":\"https:\/\/moiaserrature.it\/wp-content\/uploads\/2017\/04\/2_MOIA_orange_150dpi.jpg\",\"width\":2605,\"height\":1088,\"caption\":\"MOIA Serrature\"},\"image\":{\"@id\":\"https:\/\/www.moiaserrature.it\/#\/schema\/logo\/image\/\"},\"sameAs\":[\"https:\/\/www.facebook.com\/OMRserrature\/\",\"https:\/\/x.com\/OMRserrature\",\"https:\/\/www.instagram.com\/omrserrature\",\"https:\/\/www.youtube.com\/OMRsecuritylocks\"]}]}<\/script>\n<!-- \/ Yoast SEO plugin. -->","yoast_head_json":{"title":"RMGA664\/373RFB | MOIA Serrature di sicurezza","robots":{"index":"index","follow":"follow","max-snippet":"max-snippet:-1","max-image-preview":"max-image-preview:large","max-video-preview":"max-video-preview:-1"},"canonical":"https:\/\/www.moiaserrature.it\/prodotto\/rmga664-373rfb\/","og_locale":"en_US","og_type":"article","og_title":"RMGA664\/373RFB | MOIA Serrature di sicurezza","og_description":"Entrata chiave Passo chiavistelli Punti di chiusura Mano Codice Note   89 mm 37 mm 3 + scrocco Destra  RMGA664\/373DFQB  Scrocco reversibile     89 mm 37 mm 3 + scrocco Sinistra  RMGA664\/373SFQB  Scrocco reversibile   89 mm 37 mm 3 + scrocco Ambidestra  RMGA664\/373RFB   Scrocco reversibile","og_url":"https:\/\/www.moiaserrature.it\/prodotto\/rmga664-373rfb\/","og_site_name":"MOIA Serrature di sicurezza","article_publisher":"https:\/\/www.facebook.com\/OMRserrature\/","article_modified_time":"2025-03-10T09:56:40+00:00","og_image":[{"width":1000,"height":1000,"url":"https:\/\/www.moiaserrature.it\/wp-content\/uploads\/2018\/07\/RMGA664-373RFB-1.jpg","type":"image\/jpeg"}],"twitter_card":"summary_large_image","twitter_site":"@OMRserrature","twitter_misc":{"Est. reading time":"3 minutes"},"schema":{"@context":"https:\/\/schema.org","@graph":[{"@type":"WebPage","@id":"https:\/\/www.moiaserrature.it\/prodotto\/rmga664-373rfb\/","url":"https:\/\/www.moiaserrature.it\/prodotto\/rmga664-373rfb\/","name":"RMGA664\/373RFB | MOIA Serrature di sicurezza","isPartOf":{"@id":"https:\/\/www.moiaserrature.it\/#website"},"primaryImageOfPage":{"@id":"https:\/\/www.moiaserrature.it\/prodotto\/rmga664-373rfb\/#primaryimage"},"image":{"@id":"https:\/\/www.moiaserrature.it\/prodotto\/rmga664-373rfb\/#primaryimage"},"thumbnailUrl":"https:\/\/www.moiaserrature.it\/wp-content\/uploads\/2018\/07\/RMGA664-373RFB-1.jpg","datePublished":"2018-07-12T12:31:54+00:00","dateModified":"2025-03-10T09:56:40+00:00","breadcrumb":{"@id":"https:\/\/www.moiaserrature.it\/prodotto\/rmga664-373rfb\/#breadcrumb"},"inLanguage":"en-US","potentialAction":[{"@type":"ReadAction","target":["https:\/\/www.moiaserrature.it\/prodotto\/rmga664-373rfb\/"]}]},{"@type":"ImageObject","inLanguage":"en-US","@id":"https:\/\/www.moiaserrature.it\/prodotto\/rmga664-373rfb\/#primaryimage","url":"https:\/\/www.moiaserrature.it\/wp-content\/uploads\/2018\/07\/RMGA664-373RFB-1.jpg","contentUrl":"https:\/\/www.moiaserrature.it\/wp-content\/uploads\/2018\/07\/RMGA664-373RFB-1.jpg","width":1000,"height":1000,"caption":"RMGA664-373RFB"},{"@type":"BreadcrumbList","@id":"https:\/\/www.moiaserrature.it\/prodotto\/rmga664-373rfb\/#breadcrumb","itemListElement":[{"@type":"ListItem","position":1,"name":"Home","item":"https:\/\/www.moiaserrature.it\/en\/"},{"@type":"ListItem","position":2,"name":"Private: Shop","item":"https:\/\/www.moiaserrature.it\/en\/shop\/"},{"@type":"ListItem","position":3,"name":"RMGA664\/373RFB"}]},{"@type":"WebSite","@id":"https:\/\/www.moiaserrature.it\/#website","url":"https:\/\/www.moiaserrature.it\/","name":"MOIA Serrature di sicurezza","description":"Produzione serrature di sicurezza e sistemi di chiusura","publisher":{"@id":"https:\/\/www.moiaserrature.it\/#organization"},"potentialAction":[{"@type":"SearchAction","target":{"@type":"EntryPoint","urlTemplate":"https:\/\/www.moiaserrature.it\/?s={search_term_string}"},"query-input":{"@type":"PropertyValueSpecification","valueRequired":true,"valueName":"search_term_string"}}],"inLanguage":"en-US"},{"@type":"Organization","@id":"https:\/\/www.moiaserrature.it\/#organization","name":"MOIA Serrature","url":"https:\/\/www.moiaserrature.it\/","logo":{"@type":"ImageObject","inLanguage":"en-US","@id":"https:\/\/www.moiaserrature.it\/#\/schema\/logo\/image\/","url":"https:\/\/moiaserrature.it\/wp-content\/uploads\/2017\/04\/2_MOIA_orange_150dpi.jpg","contentUrl":"https:\/\/moiaserrature.it\/wp-content\/uploads\/2017\/04\/2_MOIA_orange_150dpi.jpg","width":2605,"height":1088,"caption":"MOIA Serrature"},"image":{"@id":"https:\/\/www.moiaserrature.it\/#\/schema\/logo\/image\/"},"sameAs":["https:\/\/www.facebook.com\/OMRserrature\/","https:\/\/x.com\/OMRserrature","https:\/\/www.instagram.com\/omrserrature","https:\/\/www.youtube.com\/OMRsecuritylocks"]}]}},"_links":{"self":[{"href":"https:\/\/www.moiaserrature.it\/en\/wp-json\/wp\/v2\/product\/7538","targetHints":{"allow":["GET"]}}],"collection":[{"href":"https:\/\/www.moiaserrature.it\/en\/wp-json\/wp\/v2\/product"}],"about":[{"href":"https:\/\/www.moiaserrature.it\/en\/wp-json\/wp\/v2\/types\/product"}],"wp:featuredmedia":[{"embeddable":true,"href":"https:\/\/www.moiaserrature.it\/en\/wp-json\/wp\/v2\/media\/17699"}],"wp:attachment":[{"href":"https:\/\/www.moiaserrature.it\/en\/wp-json\/wp\/v2\/media?parent=7538"}],"wp:term":[{"taxonomy":"product_brand","embeddable":true,"href":"https:\/\/www.moiaserrature.it\/en\/wp-json\/wp\/v2\/product_brand?post=7538"},{"taxonomy":"product_cat","embeddable":true,"href":"https:\/\/www.moiaserrature.it\/en\/wp-json\/wp\/v2\/product_cat?post=7538"},{"taxonomy":"product_tag","embeddable":true,"href":"https:\/\/www.moiaserrature.it\/en\/wp-json\/wp\/v2\/product_tag?post=7538"}],"curies":[{"name":"wp","href":"https:\/\/api.w.org\/{rel}","templated":true}]}}